{"id":13,"date":"2026-03-17T17:22:21","date_gmt":"2026-03-17T16:22:21","guid":{"rendered":"https:\/\/evokproductions.fr\/?page_id=13"},"modified":"2026-03-17T17:22:22","modified_gmt":"2026-03-17T16:22:22","slug":"affichage-libre","status":"publish","type":"page","link":"https:\/\/evokproductions.fr\/index.php\/affichage-libre\/","title":{"rendered":"AFFICHAGE LIBRE"},"content":{"rendered":"\n<blockquote class=\"wp-block-quote is-layout-flow wp-block-quote-is-layout-flow\">\n<p>L\u2018 affichage libre est un moyen de communication grand-format incontournable pour informer le public de vos \u00e9v\u00e8nements culturels. La diffusion s\u2019effectue sur les panneaux d\u2019affichage libre autoris\u00e9s de notre r\u00e9seau. Notre ma\u00eetrise du secteur vous assure une visibilit\u00e9 constante et coh\u00e9rente. \u2013 B\u00e9n\u00e9ficiez d\u2019une visibilit\u00e9 pi\u00e9tonne et automobiliste gr\u00e2ce \u00e0 la compl\u00e9mentarit\u00e9 des panneaux d\u2019affichage utilis\u00e9s. \u2013 Une diffusion adapt\u00e9e en fonction \u2192 De la p\u00e9riode \u2192 De votre budget \u2192 De l\u2019\u00e9v\u00e8nement \u2192 De vos objectifs de remplissage <\/p>\n\n\n\n<p>\u2013 Nos \u00e9quipes gardent un oeil de mani\u00e8re constante afin d\u2019avoir la r\u00e9activit\u00e9 n\u00e9cessaire pour recoller sur les diff\u00e9rents panneaux o\u00f9 la visibilit\u00e9 aurait \u00e9t\u00e9 perdue <\/p>\n\n\n\n<p>\u2013 Un rapport co\u00fbt\/visibilit\u00e9 imbattable ainsi que de faibles d\u00e9lais pour planifier et mettre en place une diffusion <\/p>\n\n\n\n<p>Format des Affiches: 40\u00d760 \/ 60\u00d780 \/ 70\u00d7100 \/ 80\u00d7120<\/p>\n\n\n\n<figure class=\"wp-block-image size-full\"><img loading=\"lazy\" decoding=\"async\" width=\"700\" height=\"525\" src=\"https:\/\/evokproductions.fr\/wp-content\/uploads\/2026\/03\/Unknown.jpg\" alt=\"\" class=\"wp-image-14\" srcset=\"https:\/\/evokproductions.fr\/wp-content\/uploads\/2026\/03\/Unknown.jpg 700w, https:\/\/evokproductions.fr\/wp-content\/uploads\/2026\/03\/Unknown-560x420.jpg 560w, https:\/\/evokproductions.fr\/wp-content\/uploads\/2026\/03\/Unknown-300x225.jpg 300w, https:\/\/evokproductions.fr\/wp-content\/uploads\/2026\/03\/Unknown-690x518.jpg 690w\" sizes=\"auto, (max-width: 700px) 100vw, 700px\" \/><\/figure>\n<\/blockquote>\n\n\n\n<figure class=\"wp-block-gallery has-nested-images columns-default is-cropped wp-block-gallery-1 is-layout-flex wp-block-gallery-is-layout-flex\">\n<figure class=\"wp-block-image size-large\"><img loading=\"lazy\" decoding=\"async\" width=\"700\" height=\"525\" data-id=\"15\" src=\"https:\/\/evokproductions.fr\/wp-content\/uploads\/2026\/03\/Unknown-3.jpg\" alt=\"\" class=\"wp-image-15\" srcset=\"https:\/\/evokproductions.fr\/wp-content\/uploads\/2026\/03\/Unknown-3.jpg 700w, https:\/\/evokproductions.fr\/wp-content\/uploads\/2026\/03\/Unknown-3-560x420.jpg 560w, https:\/\/evokproductions.fr\/wp-content\/uploads\/2026\/03\/Unknown-3-300x225.jpg 300w, https:\/\/evokproductions.fr\/wp-content\/uploads\/2026\/03\/Unknown-3-690x518.jpg 690w\" sizes=\"auto, (max-width: 700px) 100vw, 700px\" \/><\/figure>\n<\/figure>\n\n\n\n<figure class=\"wp-block-gallery has-nested-images columns-default is-cropped wp-block-gallery-2 is-layout-flex wp-block-gallery-is-layout-flex\">\n<figure class=\"wp-block-image size-large\"><img loading=\"lazy\" decoding=\"async\" width=\"700\" height=\"525\" data-id=\"16\" src=\"https:\/\/evokproductions.fr\/wp-content\/uploads\/2026\/03\/Unknown-2.jpg\" alt=\"\" class=\"wp-image-16\" srcset=\"https:\/\/evokproductions.fr\/wp-content\/uploads\/2026\/03\/Unknown-2.jpg 700w, https:\/\/evokproductions.fr\/wp-content\/uploads\/2026\/03\/Unknown-2-560x420.jpg 560w, https:\/\/evokproductions.fr\/wp-content\/uploads\/2026\/03\/Unknown-2-300x225.jpg 300w, https:\/\/evokproductions.fr\/wp-content\/uploads\/2026\/03\/Unknown-2-690x518.jpg 690w\" sizes=\"auto, (max-width: 700px) 100vw, 700px\" \/><\/figure>\n<\/figure>\n\n\n\n<figure class=\"wp-block-image size-full\"><img loading=\"lazy\" decoding=\"async\" width=\"700\" height=\"525\" src=\"https:\/\/evokproductions.fr\/wp-content\/uploads\/2026\/03\/Unknown-4.jpg\" alt=\"\" class=\"wp-image-17\" srcset=\"https:\/\/evokproductions.fr\/wp-content\/uploads\/2026\/03\/Unknown-4.jpg 700w, https:\/\/evokproductions.fr\/wp-content\/uploads\/2026\/03\/Unknown-4-560x420.jpg 560w, https:\/\/evokproductions.fr\/wp-content\/uploads\/2026\/03\/Unknown-4-300x225.jpg 300w, https:\/\/evokproductions.fr\/wp-content\/uploads\/2026\/03\/Unknown-4-690x518.jpg 690w\" sizes=\"auto, (max-width: 700px) 100vw, 700px\" \/><\/figure>\n","protected":false},"excerpt":{"rendered":"","protected":false},"author":1,"featured_media":0,"parent":0,"menu_order":0,"comment_status":"closed","ping_status":"closed","template":"","meta":{"inline_featured_image":false,"footnotes":""},"class_list":["post-13","page","type-page","status-publish","hentry"],"aioseo_notices":[],"_links":{"self":[{"href":"https:\/\/evokproductions.fr\/index.php\/wp-json\/wp\/v2\/pages\/13","targetHints":{"allow":["GET"]}}],"collection":[{"href":"https:\/\/evokproductions.fr\/index.php\/wp-json\/wp\/v2\/pages"}],"about":[{"href":"https:\/\/evokproductions.fr\/index.php\/wp-json\/wp\/v2\/types\/page"}],"author":[{"embeddable":true,"href":"https:\/\/evokproductions.fr\/index.php\/wp-json\/wp\/v2\/users\/1"}],"replies":[{"embeddable":true,"href":"https:\/\/evokproductions.fr\/index.php\/wp-json\/wp\/v2\/comments?post=13"}],"version-history":[{"count":1,"href":"https:\/\/evokproductions.fr\/index.php\/wp-json\/wp\/v2\/pages\/13\/revisions"}],"predecessor-version":[{"id":18,"href":"https:\/\/evokproductions.fr\/index.php\/wp-json\/wp\/v2\/pages\/13\/revisions\/18"}],"wp:attachment":[{"href":"https:\/\/evokproductions.fr\/index.php\/wp-json\/wp\/v2\/media?parent=13"}],"curies":[{"name":"wp","href":"https:\/\/api.w.org\/{rel}","templated":true}]}}