{"id":2,"date":"2026-03-17T00:27:43","date_gmt":"2026-03-17T00:27:43","guid":{"rendered":"http:\/\/evokproductions.fr\/?page_id=2"},"modified":"2026-04-06T23:40:13","modified_gmt":"2026-04-06T22:40:13","slug":"notre-reseau","status":"publish","type":"page","link":"https:\/\/evokproductions.fr\/index.php\/notre-reseau\/","title":{"rendered":"NOTRE R\u00c9SEAU"},"content":{"rendered":"\n<blockquote class=\"wp-block-quote is-layout-flow wp-block-quote-is-layout-flow\">\n<p class=\"has-text-align-center\"><br>LE R\u00c9SEAU D\u2019AFFICHAGE EVOK PRODUCTIONS EST CONSTRUIT AUTOUR DES POINTS N\u00c9VRALGIQUES DES D\u00c9PARTEMENTS DE LA DR\u00d4ME (26) &amp; DE L\u2019ARD\u00c8CHE (07). NOUS METTONS EN AVANT DES DIZAINES DE MANIFESTATIONS CULTURELLES CHAQUE ANN\u00c9E, DE MANI\u00c8RE \u00c0 PERMETTRE \u00c0 NOS ANNONCEURS DE DIFFUSER L\u2019INFORMATION LE PLUS LARGEMENT POSSIBLE ET AINSI ACCROITRE LA FR\u00c9QUENTATION DE LEURS \u00c9V\u00c8NEMENTS.<\/p>\n<\/blockquote>\n\n\n\n<h2 class=\"wp-block-heading has-text-align-center\"><br>POURQUOI VOUS APPUYER SUR NOTRE R\u00c9SEAU D\u2019AFFICHAGE ?<\/h2>\n\n\n\n<p>\u2013 Une zone de diffusion tr\u00e8s \u00e9tendue, homog\u00e8ne, et pens\u00e9e de mani\u00e8re \u00e0 maximiser l\u2019efficacit\u00e9 de l\u2019affichage.<\/p>\n\n\n\n<p>\u2013 Une compl\u00e9mentarit\u00e9 entre l\u2019affichage libre (davantage visible depuis les axes routiers) et l\u2019affichage r\u00e9serv\u00e9 (davantage visible pour les pi\u00e9tons).<\/p>\n\n\n\n<p>\u2013 Une communication alternative et\/ou compl\u00e9mentaire \u00e0 votre strat\u00e9gie de communication g\u00e9n\u00e9rale (bus, 4\u00d73, sucettes publicitaires, presse\u2026).<\/p>\n\n\n\n<p>\u2013 Notre r\u00e9seau est construit autour&nbsp;de&nbsp;spots d\u2019affichage g\u00e9n\u00e9rant beaucoup de trafic (pi\u00e9ton et routier) afin de toucher un maximum de personnes.<\/p>\n\n\n\n<p>\u2013 Un co\u00fbt raisonnable pour une diffusion \u00e9tendue et optimale.<\/p>\n\n\n\n<p>\u2013 La possibilit\u00e9 de toucher des zones p\u00e9ri-urbaines o\u00f9 se trouve un public potentiellement int\u00e9ress\u00e9 par votre \u00e9v\u00e9nement mais qui est susceptible de ne pas obtenir l\u2019information s\u2019il ne fr\u00e9quente pas les centre-ville.<\/p>\n\n\n\n<p>\/<\/p>\n\n\n\n<figure id=\"block-de9071-8c68-4d\" class=\"wp-block-gutenbee-image block-de9071-8c68-4d size-large is-style-ignition-berliner-border-image\"><img loading=\"lazy\" decoding=\"async\" width=\"1024\" height=\"727\" src=\"https:\/\/evokproductions.fr\/wp-content\/uploads\/2026\/03\/carte-reseau-affichage-1024x727.png\" alt=\"\" class=\"wp-image-715\" srcset=\"https:\/\/evokproductions.fr\/wp-content\/uploads\/2026\/03\/carte-reseau-affichage-1024x727.png 1024w, https:\/\/evokproductions.fr\/wp-content\/uploads\/2026\/03\/carte-reseau-affichage-300x213.png 300w, https:\/\/evokproductions.fr\/wp-content\/uploads\/2026\/03\/carte-reseau-affichage-768x545.png 768w, https:\/\/evokproductions.fr\/wp-content\/uploads\/2026\/03\/carte-reseau-affichage-690x490.png 690w, https:\/\/evokproductions.fr\/wp-content\/uploads\/2026\/03\/carte-reseau-affichage-560x397.png 560w, https:\/\/evokproductions.fr\/wp-content\/uploads\/2026\/03\/carte-reseau-affichage.png 1150w\" sizes=\"auto, (max-width: 1024px) 100vw, 1024px\" \/><\/figure>\n","protected":false},"excerpt":{"rendered":"<p>LE R\u00c9SEAU D\u2019AFFICHAGE EVOK PRODUCTIONS EST CONSTRUIT AUTOUR DES POINTS N\u00c9VRALGIQUES DES D\u00c9PARTEMENTS DE LA DR\u00d4ME (26) &amp; DE L\u2019ARD\u00c8CHE (07). NOUS METTONS EN AVANT DES DIZAINES DE MANIFESTATIONS CULTURELLES CHAQUE ANN\u00c9E, DE MANI\u00c8RE \u00c0 [&hellip;]<\/p>\n","protected":false},"author":1,"featured_media":0,"parent":0,"menu_order":0,"comment_status":"closed","ping_status":"open","template":"","meta":{"inline_featured_image":false,"footnotes":""},"class_list":["post-2","page","type-page","status-publish","hentry"],"aioseo_notices":[],"_links":{"self":[{"href":"https:\/\/evokproductions.fr\/index.php\/wp-json\/wp\/v2\/pages\/2","targetHints":{"allow":["GET"]}}],"collection":[{"href":"https:\/\/evokproductions.fr\/index.php\/wp-json\/wp\/v2\/pages"}],"about":[{"href":"https:\/\/evokproductions.fr\/index.php\/wp-json\/wp\/v2\/types\/page"}],"author":[{"embeddable":true,"href":"https:\/\/evokproductions.fr\/index.php\/wp-json\/wp\/v2\/users\/1"}],"replies":[{"embeddable":true,"href":"https:\/\/evokproductions.fr\/index.php\/wp-json\/wp\/v2\/comments?post=2"}],"version-history":[{"count":4,"href":"https:\/\/evokproductions.fr\/index.php\/wp-json\/wp\/v2\/pages\/2\/revisions"}],"predecessor-version":[{"id":717,"href":"https:\/\/evokproductions.fr\/index.php\/wp-json\/wp\/v2\/pages\/2\/revisions\/717"}],"wp:attachment":[{"href":"https:\/\/evokproductions.fr\/index.php\/wp-json\/wp\/v2\/media?parent=2"}],"curies":[{"name":"wp","href":"https:\/\/api.w.org\/{rel}","templated":true}]}}