{"id":42,"date":"2026-03-17T18:07:29","date_gmt":"2026-03-17T17:07:29","guid":{"rendered":"https:\/\/evokproductions.fr\/?page_id=42"},"modified":"2026-04-06T23:40:58","modified_gmt":"2026-04-06T22:40:58","slug":"affichage-reserve-reseau","status":"publish","type":"page","link":"https:\/\/evokproductions.fr\/index.php\/affichage-reserve-reseau\/","title":{"rendered":"AFFICHAGE R\u00c9SERV\u00c9"},"content":{"rendered":"\n<div id=\"block-cde9cb-20a7-48\" class=\"wp-block-gutenbee-container block-cde9cb-20a7-48\"><div class=\"wp-block-gutenbee-container-inner\"><div class=\"wp-block-gutenbee-container-row wp-block-gutenbee-container-lg\">\n<div class=\"wp-block-gutenbee-column block-cd0aae-d825-48\"><style>.wp-block-gutenbee-column.block-cd0aae-d825-48 { flex-basis: 100%; }\n\n\n      @media (max-width: 991px) {\n        .wp-block-gutenbee-column.block-cd0aae-d825-48 { flex-basis: 100%; }\n      }\n    \n\n      @media (max-width: 575px) {\n        .wp-block-gutenbee-column.block-cd0aae-d825-48 { flex-basis: 100%; }\n      }<\/style><div class=\"wp-block-gutenbee-column-content\">\n<figure class=\"wp-block-pullquote\"><blockquote><p><strong>R\u00e9seau in\u00e9dit et unique en Dr\u00f4me\/Ard\u00e8che, r\u00e9servez \u00e0 la quinzaine nos emplacements situ\u00e9s dans les devantures de nos boutiques partenaires.<\/strong><\/p><\/blockquote><\/figure>\n<\/div><\/div>\n<\/div><\/div><div class=\"wp-block-gutenbee-container-background\" data-parallax-speed=\"0.3\"><\/div><\/div>\n\n\n\n<div id=\"block-3999fd-3313-49\" class=\"wp-block-gutenbee-container block-3999fd-3313-49\"><div class=\"wp-block-gutenbee-container-inner\"><div class=\"wp-block-gutenbee-container-row wp-block-gutenbee-container-lg\">\n<div class=\"wp-block-gutenbee-column block-7ce7ce-78dd-47\"><style>.wp-block-gutenbee-column.block-7ce7ce-78dd-47 { flex-basis: 66.66%; }\n\n\n      @media (max-width: 991px) {\n        .wp-block-gutenbee-column.block-7ce7ce-78dd-47 { flex-basis: 100%; }\n      }\n    \n\n      @media (max-width: 575px) {\n        .wp-block-gutenbee-column.block-7ce7ce-78dd-47 { flex-basis: 100%; }\n      }<\/style><div class=\"wp-block-gutenbee-column-content\">\n<div class=\"wp-block-group\"><div class=\"wp-block-group__inner-container is-layout-constrained wp-block-group-is-layout-constrained\">\n<div class=\"wp-block-columns is-layout-flex wp-container-core-columns-is-layout-9d6595d7 wp-block-columns-is-layout-flex\">\n<div class=\"wp-block-column is-layout-flow wp-block-column-is-layout-flow\" style=\"flex-basis:100%\">\n<div id=\"block-35fac8-f2a2-4d\" class=\"wp-block-gutenbee-imagebox is-style-default block-35fac8-f2a2-4d wp-block-gutenbee-imagebox-align-center\"><style>.wp-block-gutenbee-imagebox.block-35fac8-f2a2-4d .wp-block-gutenbee-imagebox-figure img { width: 313px; }<\/style><figure class=\"wp-block-gutenbee-imagebox-figure\"><img decoding=\"async\" src=\"https:\/\/evokproductions.fr\/wp-content\/uploads\/2026\/03\/Unknown-5-1.jpg\" alt=\"\"\/><\/figure><div class=\"wp-block-gutenbee-imagebox-content\"><h3 class=\"wp-block-gutenbee-imagebox-title\"><strong>R\u00c9SEAU IN\u00c9DIT ET UNIQUE EN DR\u00d4ME\/ARD\u00c8CHE<\/strong>, R\u00c9SERVEZ \u00c0 LA QUINZAINE\u00a0NOS EMPLACEMENTS\u00a0SITU\u00c9S DANS LES DEVANTURES DE\u00a0NOS BOUTIQUES\u00a0PARTENAIRES.\u00a0PLUS QU\u2019UNE SIMPLE DIFFUSION, NOS SUPPORTS PERMETTENT\u00a0UN R\u00c9EL \u00c9CHANGE\u00a0ENTRE LES CLIENTS ET NOS COMMER\u00c7ANTS PARTENAIRES QUI DEVIENNENT\u00a0UN AGENT DE COMMUNICATION \u00c0 PART ENTI\u00c8RE.<\/h3><p class=\"wp-block-gutenbee-imagebox-text\"><br>\u2013 Une visibilit\u00e9 <mark><strong>garantie \u00e0 100%<\/strong><\/mark> gr\u00e2ce aux emplacements r\u00e9serv\u00e9s, emp\u00eachant ainsi l\u2019enl\u00e8vement pr\u00e9matur\u00e9 de votre affiche.<br>\u2013 Notre r\u00e9seau permet d\u2019apposer des affiches du <mark><strong>format id\u00e9al<\/strong><\/mark> en magasins de proximit\u00e9 : 40x60cm.<br>\u2013 En place depuis 2015, notre r\u00e9seau d\u2019affichage r\u00e9serv\u00e9 s\u2019est impos\u00e9 comme <mark><strong>une r\u00e9f\u00e9rence de la communication hors-m\u00e9dia<\/strong><\/mark> en Dr\u00f4me\/Ard\u00e8che, si bien que les habitants des villes o\u00f9 nos affiches sont install\u00e9es ont pris l\u2019habitude de les regarder de mani\u00e8re r\u00e9guli\u00e8re, renfor\u00e7ant davantage la port\u00e9e de notre affichage.<br>\u2013 La possibilit\u00e9 d\u2019annoncer un \u00e9v\u00e8nement <strong><mark>plusieurs mois en amont<\/mark><\/strong>, ce qui correspond aux attentes de plus en plus d\u2019annonceurs.<br>\u2013 Une communication <strong><mark>multi-vectorielle<\/mark><\/strong> gr\u00e2ce \u00e0 nos commer\u00e7ants-partenaires qui promeuvent a leur tour l\u2019evenement annonc\u00e9.<br>\u2013 Nous choisissons nos emplacements en fonction de la meilleure mise en valeur qu\u2019ils peuvent procurer. L\u2019objectif ici est de choisir les magasins au <strong><mark>plus gros potentiel d\u2019impact sur la vision des passants<\/mark><\/strong> ou des clients.<br>\u2013 Un rapport <strong><mark>co\u00fbt\/visibilit\u00e9\/port\u00e9e\/audience imbattable<\/mark><\/strong> compar\u00e9 aux autres alternatives de communication hors-m\u00e9dias.<\/p><\/div><\/div>\n<\/div>\n<\/div>\n<\/div><\/div>\n<\/div><\/div>\n<\/div><\/div><div class=\"wp-block-gutenbee-container-background\" data-parallax-speed=\"0.3\"><\/div><\/div>\n\n\n\n<p><\/p>\n\n\n\n<div class=\"wp-block-columns alignwide is-layout-flex wp-container-core-columns-is-layout-9d6595d7 wp-block-columns-is-layout-flex\">\n<div class=\"wp-block-column is-layout-flow wp-block-column-is-layout-flow\"><\/div>\n\n\n\n<div class=\"wp-block-column is-layout-flow wp-block-column-is-layout-flow\"><\/div>\n<\/div>\n","protected":false},"excerpt":{"rendered":"","protected":false},"author":1,"featured_media":0,"parent":0,"menu_order":0,"comment_status":"closed","ping_status":"closed","template":"","meta":{"inline_featured_image":false,"footnotes":""},"class_list":["post-42","page","type-page","status-publish","hentry"],"aioseo_notices":[],"_links":{"self":[{"href":"https:\/\/evokproductions.fr\/index.php\/wp-json\/wp\/v2\/pages\/42","targetHints":{"allow":["GET"]}}],"collection":[{"href":"https:\/\/evokproductions.fr\/index.php\/wp-json\/wp\/v2\/pages"}],"about":[{"href":"https:\/\/evokproductions.fr\/index.php\/wp-json\/wp\/v2\/types\/page"}],"author":[{"embeddable":true,"href":"https:\/\/evokproductions.fr\/index.php\/wp-json\/wp\/v2\/users\/1"}],"replies":[{"embeddable":true,"href":"https:\/\/evokproductions.fr\/index.php\/wp-json\/wp\/v2\/comments?post=42"}],"version-history":[{"count":12,"href":"https:\/\/evokproductions.fr\/index.php\/wp-json\/wp\/v2\/pages\/42\/revisions"}],"predecessor-version":[{"id":741,"href":"https:\/\/evokproductions.fr\/index.php\/wp-json\/wp\/v2\/pages\/42\/revisions\/741"}],"wp:attachment":[{"href":"https:\/\/evokproductions.fr\/index.php\/wp-json\/wp\/v2\/media?parent=42"}],"curies":[{"name":"wp","href":"https:\/\/api.w.org\/{rel}","templated":true}]}}